{"id":813,"date":"2023-10-22T22:21:15","date_gmt":"2023-10-23T01:21:15","guid":{"rendered":"https:\/\/www.rosefernandes.com.br\/instituto\/?page_id=813"},"modified":"2024-01-16T00:11:30","modified_gmt":"2024-01-16T03:11:30","slug":"pagina-de-doacao","status":"publish","type":"page","link":"https:\/\/www.rosefernandes.com.br\/instituto\/pagina-de-doacao\/","title":{"rendered":"P\u00e1gina de doa\u00e7\u00e3o"},"content":{"rendered":"\t\t<div data-elementor-type=\"wp-page\" data-elementor-id=\"813\" class=\"elementor elementor-813\" data-elementor-post-type=\"page\">\n\t\t\t\t\t\t<section class=\"elementor-section elementor-top-section elementor-element elementor-element-d411715 elementor-section-full_width elementor-section-height-default elementor-section-height-default\" data-id=\"d411715\" data-element_type=\"section\" data-e-type=\"section\" data-settings=\"{&quot;background_background&quot;:&quot;classic&quot;}\">\n\t\t\t\t\t\t<div class=\"elementor-container elementor-column-gap-no\">\n\t\t\t\t\t<div class=\"elementor-column elementor-col-20 elementor-top-column elementor-element elementor-element-32be4d9 elementor-hidden-tablet elementor-hidden-mobile\" data-id=\"32be4d9\" data-element_type=\"column\" data-e-type=\"column\">\n\t\t\t<div class=\"elementor-widget-wrap elementor-element-populated\">\n\t\t\t\t\t\t<div class=\"elementor-element elementor-element-22cf9ae elementor-widget elementor-widget-image\" data-id=\"22cf9ae\" data-element_type=\"widget\" data-e-type=\"widget\" data-widget_type=\"image.default\">\n\t\t\t\t<div class=\"elementor-widget-container\">\n\t\t\t\t\t\t\t\t\t\t\t\t\t\t\t<img fetchpriority=\"high\" decoding=\"async\" width=\"1390\" height=\"2560\" src=\"https:\/\/www.rosefernandes.com.br\/instituto\/wp-content\/uploads\/2023\/10\/Curso-de-ferias-scaled.webp\" class=\"attachment-full size-full wp-image-700\" alt=\"\" srcset=\"https:\/\/www.rosefernandes.com.br\/instituto\/wp-content\/uploads\/2023\/10\/Curso-de-ferias-scaled.webp 1390w, https:\/\/www.rosefernandes.com.br\/instituto\/wp-content\/uploads\/2023\/10\/Curso-de-ferias-163x300.webp 163w, https:\/\/www.rosefernandes.com.br\/instituto\/wp-content\/uploads\/2023\/10\/Curso-de-ferias-556x1024.webp 556w, https:\/\/www.rosefernandes.com.br\/instituto\/wp-content\/uploads\/2023\/10\/Curso-de-ferias-768x1415.webp 768w, https:\/\/www.rosefernandes.com.br\/instituto\/wp-content\/uploads\/2023\/10\/Curso-de-ferias-834x1536.webp 834w, https:\/\/www.rosefernandes.com.br\/instituto\/wp-content\/uploads\/2023\/10\/Curso-de-ferias-1112x2048.webp 1112w\" sizes=\"(max-width: 1390px) 100vw, 1390px\" \/>\t\t\t\t\t\t\t\t\t\t\t\t\t\t\t<\/div>\n\t\t\t\t<\/div>\n\t\t\t\t\t<\/div>\n\t\t<\/div>\n\t\t\t\t<div class=\"elementor-column elementor-col-20 elementor-top-column elementor-element elementor-element-d87aeea\" data-id=\"d87aeea\" data-element_type=\"column\" data-e-type=\"column\">\n\t\t\t<div class=\"elementor-widget-wrap\">\n\t\t\t\t\t\t\t<\/div>\n\t\t<\/div>\n\t\t\t\t<div class=\"elementor-column elementor-col-20 elementor-top-column elementor-element elementor-element-6592f9c\" data-id=\"6592f9c\" data-element_type=\"column\" data-e-type=\"column\">\n\t\t\t<div class=\"elementor-widget-wrap elementor-element-populated\">\n\t\t\t\t\t\t<div class=\"elementor-element elementor-element-963a9ed elementor-widget elementor-widget-heading\" data-id=\"963a9ed\" data-element_type=\"widget\" data-e-type=\"widget\" data-widget_type=\"heading.default\">\n\t\t\t\t<div class=\"elementor-widget-container\">\n\t\t\t\t\t<h2 class=\"elementor-heading-title elementor-size-default\">Fa\u00e7a uma doa\u00e7\u00e3o<\/h2>\t\t\t\t<\/div>\n\t\t\t\t<\/div>\n\t\t\t\t<div class=\"elementor-element elementor-element-2fef606 elementor-widget__width-initial elementor-widget elementor-widget-text-editor\" data-id=\"2fef606\" data-element_type=\"widget\" data-e-type=\"widget\" data-widget_type=\"text-editor.default\">\n\t\t\t\t<div class=\"elementor-widget-container\">\n\t\t\t\t\t\t\t\t\t<p style=\"text-align: center;\"><strong>Ao doar para o Instituto, voc\u00ea ajuda a garantir o futuro de crian\u00e7as e jovens estudantes. <\/strong><\/p><p style=\"text-align: center;\"><strong>Fa\u00e7a parte dessa transforma\u00e7\u00e3o voc\u00ea tamb\u00e9m!<\/strong><\/p><p style=\"text-align: center;\"><strong><span style=\"text-decoration: underline;\">Escolha um valor<\/span> generoso para ajudar nosso Instituto, use o leitor QR CODE do seu banco para fazer um Pix ou Copie e Cole o c\u00f3digo abaixo e fa\u00e7a sua doa\u00e7\u00e3o!<\/strong><\/p>\t\t\t\t\t\t\t\t<\/div>\n\t\t\t\t<\/div>\n\t\t\t\t<section class=\"elementor-section elementor-inner-section elementor-element elementor-element-eeb7a4c elementor-section-boxed elementor-section-height-default elementor-section-height-default\" data-id=\"eeb7a4c\" data-element_type=\"section\" data-e-type=\"section\">\n\t\t\t\t\t\t<div class=\"elementor-container elementor-column-gap-default\">\n\t\t\t\t\t<div class=\"elementor-column elementor-col-100 elementor-inner-column elementor-element elementor-element-d3b7e4c\" data-id=\"d3b7e4c\" data-element_type=\"column\" data-e-type=\"column\">\n\t\t\t<div class=\"elementor-widget-wrap elementor-element-populated\">\n\t\t\t\t\t\t<div class=\"elementor-element elementor-element-a181b25 elementor-hidden-tablet elementor-widget elementor-widget-html\" data-id=\"a181b25\" data-element_type=\"widget\" data-e-type=\"widget\" data-widget_type=\"html.default\">\n\t\t\t\t<div class=\"elementor-widget-container\">\n\t\t\t\t\t<textarea id=\"story\" name=\"story\" rows=\"3\" cols=\"33\">\n00020126360014br.gov.bcb.pix0114505669700001275204000053039865802BR5925INSTITUTO ARTISTICO E CUL6008GUANAMBI62250521A1mdZUql4VNvGnzHwZjfz63049032\n<\/textarea>\t\t\t\t<\/div>\n\t\t\t\t<\/div>\n\t\t\t\t<div class=\"elementor-element elementor-element-83e7a1e elementor-hidden-desktop elementor-hidden-mobile elementor-widget elementor-widget-html\" data-id=\"83e7a1e\" data-element_type=\"widget\" data-e-type=\"widget\" data-widget_type=\"html.default\">\n\t\t\t\t<div class=\"elementor-widget-container\">\n\t\t\t\t\t<textarea id=\"story\" name=\"story\" rows=\"3\" cols=\"33\">\n00020126360014br.gov.bcb.pix0114505669700001275204000053039865802BR5925INSTITUTO ARTISTICO E CUL6008GUANAMBI62250521A1mdZUql4VNvGnzHwZjfz63049032\n<\/textarea>\t\t\t\t<\/div>\n\t\t\t\t<\/div>\n\t\t\t\t<div class=\"elementor-element elementor-element-ab13b22 elementor-widget elementor-widget-image\" data-id=\"ab13b22\" data-element_type=\"widget\" data-e-type=\"widget\" data-widget_type=\"image.default\">\n\t\t\t\t<div class=\"elementor-widget-container\">\n\t\t\t\t\t\t\t\t\t\t\t\t\t\t\t<img decoding=\"async\" width=\"341\" height=\"301\" src=\"https:\/\/www.rosefernandes.com.br\/instituto\/wp-content\/uploads\/2024\/01\/QR-CODE-Instituto-Rose-Fernandes-jpg-e1705369992251.webp\" class=\"attachment-full size-full wp-image-909\" alt=\"QR CODE Instituto Rose Fernandes\" srcset=\"https:\/\/www.rosefernandes.com.br\/instituto\/wp-content\/uploads\/2024\/01\/QR-CODE-Instituto-Rose-Fernandes-jpg-e1705369992251.webp 341w, https:\/\/www.rosefernandes.com.br\/instituto\/wp-content\/uploads\/2024\/01\/QR-CODE-Instituto-Rose-Fernandes-jpg-e1705369992251-300x265.webp 300w\" sizes=\"(max-width: 341px) 100vw, 341px\" \/>\t\t\t\t\t\t\t\t\t\t\t\t\t\t\t<\/div>\n\t\t\t\t<\/div>\n\t\t\t\t\t<\/div>\n\t\t<\/div>\n\t\t\t\t\t<\/div>\n\t\t<\/section>\n\t\t\t\t\t<\/div>\n\t\t<\/div>\n\t\t\t\t<div class=\"elementor-column elementor-col-20 elementor-top-column elementor-element elementor-element-123389b\" data-id=\"123389b\" data-element_type=\"column\" data-e-type=\"column\">\n\t\t\t<div class=\"elementor-widget-wrap\">\n\t\t\t\t\t\t\t<\/div>\n\t\t<\/div>\n\t\t\t\t<div class=\"elementor-column elementor-col-20 elementor-top-column elementor-element elementor-element-020fba9 elementor-hidden-tablet\" data-id=\"020fba9\" data-element_type=\"column\" data-e-type=\"column\">\n\t\t\t<div class=\"elementor-widget-wrap elementor-element-populated\">\n\t\t\t\t\t\t<div class=\"elementor-element elementor-element-9fb4a28 elementor-widget__width-initial elementor-widget elementor-widget-image\" data-id=\"9fb4a28\" data-element_type=\"widget\" data-e-type=\"widget\" data-widget_type=\"image.default\">\n\t\t\t\t<div class=\"elementor-widget-container\">\n\t\t\t\t\t\t\t\t\t\t\t\t\t\t\t<img decoding=\"async\" width=\"1615\" height=\"2560\" src=\"https:\/\/www.rosefernandes.com.br\/instituto\/wp-content\/uploads\/2023\/10\/Curso-de-pintura-scaled.webp\" class=\"attachment-full size-full wp-image-672\" alt=\"\" srcset=\"https:\/\/www.rosefernandes.com.br\/instituto\/wp-content\/uploads\/2023\/10\/Curso-de-pintura-scaled.webp 1615w, https:\/\/www.rosefernandes.com.br\/instituto\/wp-content\/uploads\/2023\/10\/Curso-de-pintura-189x300.webp 189w, https:\/\/www.rosefernandes.com.br\/instituto\/wp-content\/uploads\/2023\/10\/Curso-de-pintura-646x1024.webp 646w, https:\/\/www.rosefernandes.com.br\/instituto\/wp-content\/uploads\/2023\/10\/Curso-de-pintura-768x1217.webp 768w, https:\/\/www.rosefernandes.com.br\/instituto\/wp-content\/uploads\/2023\/10\/Curso-de-pintura-969x1536.webp 969w, https:\/\/www.rosefernandes.com.br\/instituto\/wp-content\/uploads\/2023\/10\/Curso-de-pintura-1292x2048.webp 1292w\" sizes=\"(max-width: 1615px) 100vw, 1615px\" \/>\t\t\t\t\t\t\t\t\t\t\t\t\t\t\t<\/div>\n\t\t\t\t<\/div>\n\t\t\t\t\t<\/div>\n\t\t<\/div>\n\t\t\t\t\t<\/div>\n\t\t<\/section>\n\t\t\t\t<\/div>\n\t\t","protected":false},"excerpt":{"rendered":"<p>Fa\u00e7a uma doa\u00e7\u00e3o Ao doar para o Instituto, voc\u00ea ajuda a garantir o futuro de crian\u00e7as e jovens estudantes. Fa\u00e7a parte dessa transforma\u00e7\u00e3o voc\u00ea tamb\u00e9m! Escolha um valor generoso para ajudar nosso Instituto, use o leitor QR CODE do seu banco para fazer um Pix ou Copie e Cole o c\u00f3digo abaixo e fa\u00e7a sua [&hellip;]<\/p>\n","protected":false},"author":1,"featured_media":0,"parent":0,"menu_order":0,"comment_status":"closed","ping_status":"closed","template":"elementor_header_footer","meta":{"footnotes":""},"class_list":["post-813","page","type-page","status-publish","hentry"],"_links":{"self":[{"href":"https:\/\/www.rosefernandes.com.br\/instituto\/wp-json\/wp\/v2\/pages\/813","targetHints":{"allow":["GET"]}}],"collection":[{"href":"https:\/\/www.rosefernandes.com.br\/instituto\/wp-json\/wp\/v2\/pages"}],"about":[{"href":"https:\/\/www.rosefernandes.com.br\/instituto\/wp-json\/wp\/v2\/types\/page"}],"author":[{"embeddable":true,"href":"https:\/\/www.rosefernandes.com.br\/instituto\/wp-json\/wp\/v2\/users\/1"}],"replies":[{"embeddable":true,"href":"https:\/\/www.rosefernandes.com.br\/instituto\/wp-json\/wp\/v2\/comments?post=813"}],"version-history":[{"count":61,"href":"https:\/\/www.rosefernandes.com.br\/instituto\/wp-json\/wp\/v2\/pages\/813\/revisions"}],"predecessor-version":[{"id":946,"href":"https:\/\/www.rosefernandes.com.br\/instituto\/wp-json\/wp\/v2\/pages\/813\/revisions\/946"}],"wp:attachment":[{"href":"https:\/\/www.rosefernandes.com.br\/instituto\/wp-json\/wp\/v2\/media?parent=813"}],"curies":[{"name":"wp","href":"https:\/\/api.w.org\/{rel}","templated":true}]}}