{"id":975,"date":"2024-07-26T14:20:53","date_gmt":"2024-07-26T17:20:53","guid":{"rendered":"https:\/\/www.rosefernandes.com.br\/instituto\/?page_id=975"},"modified":"2025-03-31T23:11:01","modified_gmt":"2025-04-01T02:11:01","slug":"formulario-de-inscricao","status":"publish","type":"page","link":"https:\/\/www.rosefernandes.com.br\/instituto\/formulario-de-inscricao\/","title":{"rendered":"Formul\u00e1rio de Inscri\u00e7\u00e3o"},"content":{"rendered":"\t\t<div data-elementor-type=\"wp-page\" data-elementor-id=\"975\" class=\"elementor elementor-975\" data-elementor-post-type=\"page\">\n\t\t\t\t\t\t<section class=\"elementor-section elementor-top-section elementor-element elementor-element-8b32d5e elementor-section-boxed elementor-section-height-default elementor-section-height-default\" data-id=\"8b32d5e\" data-element_type=\"section\" data-e-type=\"section\">\n\t\t\t\t\t\t<div class=\"elementor-container elementor-column-gap-default\">\n\t\t\t\t\t<div class=\"elementor-column elementor-col-33 elementor-top-column elementor-element elementor-element-9818897\" data-id=\"9818897\" data-element_type=\"column\" data-e-type=\"column\">\n\t\t\t<div class=\"elementor-widget-wrap\">\n\t\t\t\t\t\t\t<\/div>\n\t\t<\/div>\n\t\t\t\t<div class=\"elementor-column elementor-col-33 elementor-top-column elementor-element elementor-element-daedb2e\" data-id=\"daedb2e\" data-element_type=\"column\" data-e-type=\"column\">\n\t\t\t<div class=\"elementor-widget-wrap elementor-element-populated\">\n\t\t\t\t\t\t<div class=\"elementor-element elementor-element-2b597c8 elementor-hidden-tablet elementor-hidden-mobile elementor-widget elementor-widget-heading\" data-id=\"2b597c8\" data-element_type=\"widget\" data-e-type=\"widget\" data-widget_type=\"heading.default\">\n\t\t\t\t<div class=\"elementor-widget-container\">\n\t\t\t\t\t<h2 class=\"elementor-heading-title elementor-size-default\">Formul\u00e1rio de Inscri\u00e7\u00e3o para Seletiva<BR><BR>de alunos dos Cursos Gratuitos<\/h2>\t\t\t\t<\/div>\n\t\t\t\t<\/div>\n\t\t\t\t<div class=\"elementor-element elementor-element-595f04b elementor-hidden-desktop elementor-widget elementor-widget-heading\" data-id=\"595f04b\" data-element_type=\"widget\" data-e-type=\"widget\" data-widget_type=\"heading.default\">\n\t\t\t\t<div class=\"elementor-widget-container\">\n\t\t\t\t\t<h2 class=\"elementor-heading-title elementor-size-default\">Formul\u00e1rio de Inscri\u00e7\u00e3o para Seletiva de alunos dos Cursos Gratuitos<\/h2>\t\t\t\t<\/div>\n\t\t\t\t<\/div>\n\t\t\t\t<div class=\"elementor-element elementor-element-c953fb4 elementor-widget elementor-widget-text-editor\" data-id=\"c953fb4\" data-element_type=\"widget\" data-e-type=\"widget\" data-widget_type=\"text-editor.default\">\n\t\t\t\t<div class=\"elementor-widget-container\">\n\t\t\t\t\t\t\t\t\t<p>\ud83c\udf88Cada Inscrito poder\u00e1 escolher apenas 1 Modalidade<\/p><p>\u270d\ufe0f\ud83e\ude70\ud83c\udfa8\u265f\ud83e\udd38\ud83c\udffd\u200d\u2642\ufe0f\ud83c\udfad\ud83c\udf99\ud83e\udde9<\/p><p><span style=\"text-decoration: underline;\"><span style=\"color: #993366;\"><strong>Preencha atentamente o Formul\u00e1rio abaixo!<\/strong><\/span><\/span><\/p>\t\t\t\t\t\t\t\t<\/div>\n\t\t\t\t<\/div>\n\t\t\t\t<div class=\"elementor-element elementor-element-9f169af elementor-button-align-stretch elementor-widget elementor-widget-form\" data-id=\"9f169af\" data-element_type=\"widget\" data-e-type=\"widget\" data-settings=\"{&quot;step_next_label&quot;:&quot;Next&quot;,&quot;step_previous_label&quot;:&quot;Previous&quot;,&quot;button_width&quot;:&quot;100&quot;,&quot;step_type&quot;:&quot;number_text&quot;,&quot;step_icon_shape&quot;:&quot;circle&quot;}\" data-widget_type=\"form.default\">\n\t\t\t\t<div class=\"elementor-widget-container\">\n\t\t\t\t\t\t\t<form class=\"elementor-form\" method=\"post\" name=\"Form1\" aria-label=\"Form1\">\n\t\t\t<input type=\"hidden\" name=\"post_id\" value=\"975\"\/>\n\t\t\t<input type=\"hidden\" name=\"form_id\" value=\"9f169af\"\/>\n\t\t\t<input type=\"hidden\" name=\"referer_title\" value=\"\" \/>\n\n\t\t\t\n\t\t\t<div class=\"elementor-form-fields-wrapper elementor-labels-above\">\n\t\t\t\t\t\t\t\t<div class=\"elementor-field-type-text elementor-field-group elementor-column elementor-field-group-name elementor-col-70 elementor-field-required elementor-mark-required\">\n\t\t\t\t\t\t\t\t\t\t\t\t\t<input size=\"1\" type=\"text\" name=\"form_fields[name]\" id=\"form-field-name\" class=\"elementor-field elementor-size-sm  elementor-field-textual\" placeholder=\"Nome do aluno(a)\" required=\"required\">\n\t\t\t\t\t\t\t\t\t\t\t<\/div>\n\t\t\t\t\t\t\t\t<div class=\"elementor-field-type-text elementor-field-group elementor-column elementor-field-group-field_ec5646d elementor-col-30 elementor-field-required elementor-mark-required\">\n\t\t\t\t\t\t\t\t\t\t\t\t\t<input size=\"1\" type=\"text\" name=\"form_fields[field_ec5646d]\" id=\"form-field-field_ec5646d\" class=\"elementor-field elementor-size-sm  elementor-field-textual\" placeholder=\"Idade\" required=\"required\">\n\t\t\t\t\t\t\t\t\t\t\t<\/div>\n\t\t\t\t\t\t\t\t<div class=\"elementor-field-type-text elementor-field-group elementor-column elementor-field-group-field_505d350 elementor-col-100 elementor-field-required elementor-mark-required\">\n\t\t\t\t\t\t\t\t\t\t\t\t\t<input size=\"1\" type=\"text\" name=\"form_fields[field_505d350]\" id=\"form-field-field_505d350\" class=\"elementor-field elementor-size-sm  elementor-field-textual\" placeholder=\"Nome do Respons\u00e1vel\" required=\"required\">\n\t\t\t\t\t\t\t\t\t\t\t<\/div>\n\t\t\t\t\t\t\t\t<div class=\"elementor-field-type-tel elementor-field-group elementor-column elementor-field-group-field_36ea871 elementor-col-33 elementor-field-required elementor-mark-required\">\n\t\t\t\t\t\t\t<input size=\"1\" type=\"tel\" name=\"form_fields[field_36ea871]\" id=\"form-field-field_36ea871\" class=\"elementor-field elementor-size-sm  elementor-field-textual\" placeholder=\"Whatsapp\" required=\"required\" pattern=\"[0-9()#&amp;+*-=.]+\" title=\"Only numbers and phone characters (#, -, *, etc) are accepted.\">\n\n\t\t\t\t\t\t<\/div>\n\t\t\t\t\t\t\t\t<div class=\"elementor-field-type-email elementor-field-group elementor-column elementor-field-group-field_7eec0a3 elementor-col-66 elementor-field-required elementor-mark-required\">\n\t\t\t\t\t\t\t\t\t\t\t\t\t<input size=\"1\" type=\"email\" name=\"form_fields[field_7eec0a3]\" id=\"form-field-field_7eec0a3\" class=\"elementor-field elementor-size-sm  elementor-field-textual\" placeholder=\"E-mail\" required=\"required\">\n\t\t\t\t\t\t\t\t\t\t\t<\/div>\n\t\t\t\t\t\t\t\t<div class=\"elementor-field-type-text elementor-field-group elementor-column elementor-field-group-field_91d447b elementor-col-100 elementor-field-required elementor-mark-required\">\n\t\t\t\t\t\t\t\t\t\t\t\t\t<input size=\"1\" type=\"text\" name=\"form_fields[field_91d447b]\" id=\"form-field-field_91d447b\" class=\"elementor-field elementor-size-sm  elementor-field-textual\" placeholder=\"Endere\u00e7o Completo: \" required=\"required\">\n\t\t\t\t\t\t\t\t\t\t\t<\/div>\n\t\t\t\t\t\t\t\t<div class=\"elementor-field-type-text elementor-field-group elementor-column elementor-field-group-field_1d4d99e elementor-col-66 elementor-field-required elementor-mark-required\">\n\t\t\t\t\t\t\t\t\t\t\t\t<label for=\"form-field-field_1d4d99e\" class=\"elementor-field-label\">\n\t\t\t\t\t\t\t\tPor que voc\u00ea deseja uma Vaga neste Projeto?\t\t\t\t\t\t\t<\/label>\n\t\t\t\t\t\t\t\t\t\t\t\t\t\t<input size=\"1\" type=\"text\" name=\"form_fields[field_1d4d99e]\" id=\"form-field-field_1d4d99e\" class=\"elementor-field elementor-size-sm  elementor-field-textual\" placeholder=\"Descreva aqui por que voc\u00ea deseja esta vaga...\" required=\"required\">\n\t\t\t\t\t\t\t\t\t\t\t<\/div>\n\t\t\t\t\t\t\t\t<div class=\"elementor-field-type-checkbox elementor-field-group elementor-column elementor-field-group-field_91c06e1 elementor-col-33\">\n\t\t\t\t\t\t\t\t\t\t\t\t<label for=\"form-field-field_91c06e1\" class=\"elementor-field-label\">\n\t\t\t\t\t\t\t\tEstuda em Escola P\u00fablica?\t\t\t\t\t\t\t<\/label>\n\t\t\t\t\t\t<div class=\"elementor-field-subgroup  elementor-subgroup-inline\"><span class=\"elementor-field-option\"><input type=\"checkbox\" value=\"Sim\" id=\"form-field-field_91c06e1-0\" name=\"form_fields[field_91c06e1][]\"> <label for=\"form-field-field_91c06e1-0\">Sim<\/label><\/span><span class=\"elementor-field-option\"><input type=\"checkbox\" value=\"N\u00e3o\" id=\"form-field-field_91c06e1-1\" name=\"form_fields[field_91c06e1][]\"> <label for=\"form-field-field_91c06e1-1\">N\u00e3o<\/label><\/span><\/div>\t\t\t\t<\/div>\n\t\t\t\t\t\t\t\t<div class=\"elementor-field-type-text elementor-field-group elementor-column elementor-field-group-field_24542af elementor-col-70 elementor-field-required elementor-mark-required\">\n\t\t\t\t\t\t\t\t\t\t\t\t<label for=\"form-field-field_24542af\" class=\"elementor-field-label\">\n\t\t\t\t\t\t\t\tQual o Nome da Escola?\t\t\t\t\t\t\t<\/label>\n\t\t\t\t\t\t\t\t\t\t\t\t\t\t<input size=\"1\" type=\"text\" name=\"form_fields[field_24542af]\" id=\"form-field-field_24542af\" class=\"elementor-field elementor-size-sm  elementor-field-textual\" placeholder=\"Escreva aqui o nome da Escola\" required=\"required\">\n\t\t\t\t\t\t\t\t\t\t\t<\/div>\n\t\t\t\t\t\t\t\t<div class=\"elementor-field-type-text elementor-field-group elementor-column elementor-field-group-field_6c892ea elementor-col-30 elementor-field-required elementor-mark-required\">\n\t\t\t\t\t\t\t\t\t\t\t\t<label for=\"form-field-field_6c892ea\" class=\"elementor-field-label\">\n\t\t\t\t\t\t\t\tAno\t\t\t\t\t\t\t<\/label>\n\t\t\t\t\t\t\t\t\t\t\t\t\t\t<input size=\"1\" type=\"text\" name=\"form_fields[field_6c892ea]\" id=\"form-field-field_6c892ea\" class=\"elementor-field elementor-size-sm  elementor-field-textual\" placeholder=\"Qual o ano?\" required=\"required\">\n\t\t\t\t\t\t\t\t\t\t\t<\/div>\n\t\t\t\t\t\t\t\t<div class=\"elementor-field-type-checkbox elementor-field-group elementor-column elementor-field-group-field_1d577d2 elementor-col-100\">\n\t\t\t\t\t\t\t\t\t\t\t\t<label for=\"form-field-field_1d577d2\" class=\"elementor-field-label\">\n\t\t\t\t\t\t\t\tModalidades:\t\t\t\t\t\t\t<\/label>\n\t\t\t\t\t\t<div class=\"elementor-field-subgroup  \"><span class=\"elementor-field-option\"><input type=\"checkbox\" value=\"BALLET (6-13 anos):\" id=\"form-field-field_1d577d2-0\" name=\"form_fields[field_1d577d2][]\"> <label for=\"form-field-field_1d577d2-0\">BALLET (6-13 anos):<\/label><\/span><span class=\"elementor-field-option\"><input type=\"checkbox\" value=\"DESENHO (acima de 8 anos):\" id=\"form-field-field_1d577d2-1\" name=\"form_fields[field_1d577d2][]\"> <label for=\"form-field-field_1d577d2-1\">DESENHO (acima de 8 anos):<\/label><\/span><span class=\"elementor-field-option\"><input type=\"checkbox\" value=\"PINTURA (acima de 8 anos):\" id=\"form-field-field_1d577d2-2\" name=\"form_fields[field_1d577d2][]\"> <label for=\"form-field-field_1d577d2-2\">PINTURA (acima de 8 anos):<\/label><\/span><span class=\"elementor-field-option\"><input type=\"checkbox\" value=\"FOTOGRAFIA (livre):\" id=\"form-field-field_1d577d2-3\" name=\"form_fields[field_1d577d2][]\"> <label for=\"form-field-field_1d577d2-3\">FOTOGRAFIA (livre):<\/label><\/span><\/div>\t\t\t\t<\/div>\n\t\t\t\t\t\t\t\t<div class=\"elementor-field-group elementor-column elementor-field-type-submit elementor-col-100 e-form__buttons\">\n\t\t\t\t\t<button class=\"elementor-button elementor-size-sm\" type=\"submit\">\n\t\t\t\t\t\t<span class=\"elementor-button-content-wrapper\">\n\t\t\t\t\t\t\t\t\t\t\t\t\t\t\t\t\t\t\t\t\t\t<span class=\"elementor-button-text\">Enviar Informa\u00e7\u00f5es e ir para o Grupo no Whatsapp...<\/span>\n\t\t\t\t\t\t\t\t\t\t\t\t\t<\/span>\n\t\t\t\t\t<\/button>\n\t\t\t\t<\/div>\n\t\t\t<\/div>\n\t\t<\/form>\n\t\t\t\t\t\t<\/div>\n\t\t\t\t<\/div>\n\t\t\t\t\t<\/div>\n\t\t<\/div>\n\t\t\t\t<div class=\"elementor-column elementor-col-33 elementor-top-column elementor-element elementor-element-cba9852\" data-id=\"cba9852\" data-element_type=\"column\" data-e-type=\"column\">\n\t\t\t<div class=\"elementor-widget-wrap\">\n\t\t\t\t\t\t\t<\/div>\n\t\t<\/div>\n\t\t\t\t\t<\/div>\n\t\t<\/section>\n\t\t\t\t<section class=\"elementor-section elementor-top-section elementor-element elementor-element-279d70a elementor-section-boxed elementor-section-height-default elementor-section-height-default\" data-id=\"279d70a\" data-element_type=\"section\" data-e-type=\"section\">\n\t\t\t\t\t\t<div class=\"elementor-container elementor-column-gap-default\">\n\t\t\t\t\t<div class=\"elementor-column elementor-col-100 elementor-top-column elementor-element elementor-element-7201858\" data-id=\"7201858\" data-element_type=\"column\" data-e-type=\"column\">\n\t\t\t<div class=\"elementor-widget-wrap elementor-element-populated\">\n\t\t\t\t\t\t<div class=\"elementor-element elementor-element-0eb1c43 elementor-widget elementor-widget-text-editor\" data-id=\"0eb1c43\" data-element_type=\"widget\" data-e-type=\"widget\" data-widget_type=\"text-editor.default\">\n\t\t\t\t<div class=\"elementor-widget-container\">\n\t\t\t\t\t\t\t\t\t<p><span style=\"color: #000000;\"><span style=\"text-decoration: underline;\">Realiza\u00e7\u00e3o<\/span>:<\/span><\/p><p><span style=\"color: #000000;\">Galeria de arte e Instituto Art\u00edstico e Cultural Rose Fernandes <\/span><\/p><p><span style=\"color: #000000;\">&#8211; <\/span><span style=\"color: #000000;\">Professores e Associados.<\/span><\/p>\t\t\t\t\t\t\t\t<\/div>\n\t\t\t\t<\/div>\n\t\t\t\t\t<\/div>\n\t\t<\/div>\n\t\t\t\t\t<\/div>\n\t\t<\/section>\n\t\t\t\t<\/div>\n\t\t","protected":false},"excerpt":{"rendered":"<p>Formul\u00e1rio de Inscri\u00e7\u00e3o para Seletivade alunos dos Cursos Gratuitos Formul\u00e1rio de Inscri\u00e7\u00e3o para Seletiva de alunos dos Cursos Gratuitos \ud83c\udf88Cada Inscrito poder\u00e1 escolher apenas 1 Modalidade \u270d\ufe0f\ud83e\ude70\ud83c\udfa8\u265f\ud83e\udd38\ud83c\udffd\u200d\u2642\ufe0f\ud83c\udfad\ud83c\udf99\ud83e\udde9 Preencha atentamente o Formul\u00e1rio abaixo! Realiza\u00e7\u00e3o: Galeria de arte e Instituto Art\u00edstico e Cultural Rose Fernandes &#8211; Professores e Associados.<\/p>\n","protected":false},"author":1,"featured_media":0,"parent":0,"menu_order":0,"comment_status":"closed","ping_status":"closed","template":"elementor_header_footer","meta":{"footnotes":""},"class_list":["post-975","page","type-page","status-publish","hentry"],"_links":{"self":[{"href":"https:\/\/www.rosefernandes.com.br\/instituto\/wp-json\/wp\/v2\/pages\/975","targetHints":{"allow":["GET"]}}],"collection":[{"href":"https:\/\/www.rosefernandes.com.br\/instituto\/wp-json\/wp\/v2\/pages"}],"about":[{"href":"https:\/\/www.rosefernandes.com.br\/instituto\/wp-json\/wp\/v2\/types\/page"}],"author":[{"embeddable":true,"href":"https:\/\/www.rosefernandes.com.br\/instituto\/wp-json\/wp\/v2\/users\/1"}],"replies":[{"embeddable":true,"href":"https:\/\/www.rosefernandes.com.br\/instituto\/wp-json\/wp\/v2\/comments?post=975"}],"version-history":[{"count":142,"href":"https:\/\/www.rosefernandes.com.br\/instituto\/wp-json\/wp\/v2\/pages\/975\/revisions"}],"predecessor-version":[{"id":1146,"href":"https:\/\/www.rosefernandes.com.br\/instituto\/wp-json\/wp\/v2\/pages\/975\/revisions\/1146"}],"wp:attachment":[{"href":"https:\/\/www.rosefernandes.com.br\/instituto\/wp-json\/wp\/v2\/media?parent=975"}],"curies":[{"name":"wp","href":"https:\/\/api.w.org\/{rel}","templated":true}]}}